{"id":2806,"date":"2023-02-23T02:57:20","date_gmt":"2023-02-23T00:27:20","guid":{"rendered":"https:\/\/rbgeducation.org\/?page_id=2806"},"modified":"2023-02-23T04:12:14","modified_gmt":"2023-02-23T01:42:14","slug":"home-2","status":"publish","type":"page","link":"https:\/\/rbgeducation.org\/newzealand\/","title":{"rendered":"Home"},"content":{"rendered":"\n\t\t\t\t<div class=\"wp-block-group nf-instructions\"><div class=\"wp-block-group__inner-container is-layout-flow wp-block-group-is-layout-flow\">\n\t\t\t\t<div class=\"wp-block-image\"><figure class=\"aligncenter size-large is-resized\"><img loading=\"lazy\" decoding=\"async\" src=\"data:image\/svg+xml, %3Csvg xmlns='http:\/\/www.w3.org\/2000\/svg' xmlns:xlink='http:\/\/www.w3.org\/1999\/xlink' viewBox='0 0 2520 1530'%3E%3Cdefs%3E%3ClinearGradient id='a'%3E%3Cstop offset='0' stop-color='%23333'\/%3E%3Cstop offset='.1' stop-color='%23aaa'\/%3E%3Cstop offset='.8' stop-color='%23aaa'\/%3E%3Cstop offset='1' stop-color='%23333'\/%3E%3C\/linearGradient%3E%3ClinearGradient id='d' x1='693' x2='693.6' y1='823.5' y2='917.5' gradientUnits='userSpaceOnUse' xlink:href='%23a'\/%3E%3ClinearGradient id='c' x1='693' x2='693.6' y1='823.5' y2='917.5' gradientUnits='userSpaceOnUse' xlink:href='%23a'\/%3E%3Cfilter id='b' width='1.3' height='2.8' x='-.1' y='-.9' color-interpolation-filters='sRGB'%3E%3CfeGaussianBlur stdDeviation='50.3'\/%3E%3C\/filter%3E%3Cfilter id='e' width='1.3' height='2.8' x='-.1' y='-.9' color-interpolation-filters='sRGB'%3E%3CfeGaussianBlur stdDeviation='50.3'\/%3E%3C\/filter%3E%3Cfilter id='f' width='1.3' height='2.8' x='-.1' y='-.9' color-interpolation-filters='sRGB'%3E%3CfeGaussianBlur stdDeviation='50.3'\/%3E%3C\/filter%3E%3C\/defs%3E%3Cpath style='marker:none' fill='%231a1a1a' fill-opacity='.7' d='M1217 667c0 37-194 68-435 68-240 0-435-31-435-68s195-68 435-68c241 0 435 31 435 68z' color='%23000' enable-background='accumulate' filter='url(%23b)' overflow='visible' transform='matrix(2.02914 0 0 .71847 -50 822)'\/%3E%3Cg transform='matrix(3.2252 0 0 3.2252 -554 -1612)'%3E%3Cpath style='marker:none' fill='url(%23d)' d='M641 823c-2 43-50 95-50 95h218s-49-52-50-95h-56z' color='%23000' enable-background='accumulate' overflow='visible' transform='translate(-51)'\/%3E%3Crect style='marker:none' width='521.2' height='309.1' x='387.9' y='514' stroke='%23aaa' stroke-width='1.6' color='%23000' enable-background='accumulate' overflow='visible' rx='19' ry='18.3'\/%3E%3Cpath style='marker:none' fill='%23fff' d='M409 534h480v270H409z' color='%23000' enable-background='accumulate' overflow='visible'\/%3E%3Cpath style='marker:none' fill='%23aaa' d='M539 910h219v9H539z' color='%23000' enable-background='accumulate' overflow='visible'\/%3E%3C\/g%3E%3Cg color='%23000'%3E%3Cpath fill='%231a1a1a' fill-opacity='.7' d='M1217 667c0 37-194 68-435 68-240 0-435-31-435-68s195-68 435-68c241 0 435 31 435 68z' enable-background='accumulate' filter='url(%23e)' transform='matrix(.85876 0 0 .71847 92 907)' style='marker:none' overflow='visible'\/%3E%3Cg transform='matrix(3.2252 0 0 3.2252 -368 -1606)'%3E%3Crect style='marker:none' width='200' height='266' x='247.1' y='671.4' stroke='%23aaa' stroke-width='.9' enable-background='accumulate' overflow='visible' rx='20' ry='20'\/%3E%3Cpath style='marker:none' fill='%23fff' d='M264 687h167v222H264z' enable-background='accumulate' overflow='visible'\/%3E%3C\/g%3E%3C\/g%3E%3Cg%3E%3Cpath fill='%231a1a1a' fill-opacity='.7' d='M1217 667c0 37-194 68-435 68-240 0-435-31-435-68s195-68 435-68c241 0 435 31 435 68z' color='%23000' enable-background='accumulate' transform='matrix(.34001 0 0 .71847 88 960)' style='marker:none' filter='url(%23f)' overflow='visible'\/%3E%3Cg color='%23000' transform='translate(-768 -2231) scale(3.99062)'%3E%3Crect style='marker:none' width='70' height='130.3' x='247.1' y='797.1' stroke='%23aaa' stroke-width='.8' enable-background='accumulate' overflow='visible' rx='7' ry='9.8'\/%3E%3Cpath style='marker:none' fill='%23fff' d='M252 805h60v106h-60z' enable-background='accumulate' overflow='visible'\/%3E%3C\/g%3E%3C\/g%3E%3C\/svg%3E\" alt=\"Placeholder image\" width=\"600\" height=\"365\"\/><\/figure><\/div>\n\t\t\t\t<\/div><\/div>\n\t\t\t\t\n\n\n\t\t\t\t<h1 class=\"wp-block-heading\"><span id=\"nf-1\" class=\"nf-placeholder nf-highlight\">Name\/Company Name<\/span><\/h1>\n\t\t\t\t\n\n\n\t\t\t\t<p>We&#8217;re dedicated to giving you the very best in <span id=\"nf-2\" class=\"nf-placeholder nf-highlight\">topic\/product<\/span>, <span id=\"nf-3\" class=\"nf-placeholder nf-highlight\">topic\/product<\/span>, and <span id=\"nf-4\" class=\"nf-placeholder nf-highlight\">topic\/product<\/span>. Please reach out if you want to know more!<\/p>\n\t\t\t\t\n\n\n\t\t\t\t<div class=\"wp-block-buttons is-layout-flex wp-block-buttons-is-layout-flex\">\n\t\t\t\t<div class=\"wp-block-button is-style-fill\"><a class=\"wp-block-button__link\" rel=\"\/default-content\/?p=4\">Contact Us<\/a><\/div>\n\t\t\t\t<\/div>\n\t\t\t\t\n\n\n\t\t\t\t<h2 class=\"wp-block-heading\">News<\/h2>\n\t\t\t\t\n\n<ul class=\"wp-block-latest-posts__list wp-block-latest-posts\"><li><a class=\"wp-block-latest-posts__post-title\" href=\"https:\/\/rbgeducation.org\/newzealand\/rbg-programmes\/the-cherry-blossom-festival-2016\/\">The Cherry Blossom Festival 2016<\/a><div class=\"wp-block-latest-posts__post-excerpt\">The Cherry Blossom Festival 2016 in Auckland was a memorable and meaningful event organized by RBG Education &amp; Immigration. This<\/div><\/li>\n<li><a class=\"wp-block-latest-posts__post-title\" href=\"https:\/\/rbgeducation.org\/newzealand\/rbg-programmes\/trien-lam-du-hoc-new-zealand-2019\/\">Tri\u1ec3n l\u00e3m du h\u1ecdc New Zealand 2019<\/a><div class=\"wp-block-latest-posts__post-excerpt\">With our New Zealand Ambassador Wendy Matthews at ENZ Fair 2019\u00a0 C\u00f4 \u0110\u1ea1i s\u1ee9 Wendy Matthews th\u1eadt hi\u1ec1n h\u00f2a v\u1edbi<\/div><\/li>\n<li><a class=\"wp-block-latest-posts__post-title\" href=\"https:\/\/rbgeducation.org\/newzealand\/services\/education-care\/education-care\/\">Education Care<\/a><div class=\"wp-block-latest-posts__post-excerpt\">Du h\u1ecdc ng\u00e0y nay \u0111\u00e3 v\u00e0 \u0111ang tr\u1edf th\u00e0nh nhu c\u1ea7u ch\u00ednh \u0111\u00e1ng v\u00e0 \u01b0\u1edbc m\u01a1 thi\u1ebft th\u1ef1c c\u1ee7a nhi\u1ec1u<\/div><\/li>\n<li><a class=\"wp-block-latest-posts__post-title\" href=\"https:\/\/rbgeducation.org\/newzealand\/bai-viet-chia-se\/new-zealand-should-be-your-next-study-destination\/\">New Zealand: Should Be Your Next Study Destination?<\/a><div class=\"wp-block-latest-posts__post-excerpt\">New Zealand: Should Be Your Next Study Destination? As a student, choosing the right study destination can be a daunting<\/div><\/li>\n<li><a class=\"wp-block-latest-posts__post-title\" href=\"https:\/\/rbgeducation.org\/newzealand\/bai-viet-chia-se\/giao-luu-cung-sinh-vien-dai-hoc-otago-new-zealand\/\">Giao L\u01b0u C\u00f9ng Sinh Vi\u00ean \u0110\u1ea1i H\u1ecdc Otago, New Zealand<\/a><div class=\"wp-block-latest-posts__post-excerpt\">Nh\u00e2n chuy\u1ebfn v\u1ec1 th\u0103m nh\u00e0 t\u1ea1i Vi\u1ec7t Nam, anh L\u00ea Vinh, hi\u1ec7n \u0111ang theo h\u1ecdc Th\u1ea1c s\u0129 t\u1ea1i tr\u01b0\u1eddng Otago<\/div><\/li>\n<\/ul>\n<div class=\"slider-wrapper relative\" id=\"slider-1387175843\" >\n    <div class=\"slider slider-nav-circle slider-nav-large slider-nav-light slider-style-normal\"\n        data-flickity-options='{\n            \"cellAlign\": \"center\",\n            \"imagesLoaded\": true,\n            \"lazyLoad\": 1,\n            \"freeScroll\": false,\n            \"wrapAround\": true,\n            \"autoPlay\": 6000,\n            \"pauseAutoPlayOnHover\" : true,\n            \"prevNextButtons\": true,\n            \"contain\" : true,\n            \"adaptiveHeight\" : true,\n            \"dragThreshold\" : 10,\n            \"percentPosition\": true,\n            \"pageDots\": true,\n            \"rightToLeft\": false,\n            \"draggable\": true,\n            \"selectedAttraction\": 0.1,\n            \"parallax\" : 0,\n            \"friction\": 0.6        }'\n        >\n        \n\n\n  <div class=\"banner has-hover\" id=\"banner-1312369500\">\n          <div class=\"banner-inner fill\">\n        <div class=\"banner-bg fill\" >\n            <div class=\"bg fill bg-fill \"><\/div>\n                        <div class=\"overlay\"><\/div>            \n                    <\/div>\n\t\t\n        <div class=\"banner-layers container\">\n            <div class=\"fill banner-link\"><\/div>            \n\n   <div id=\"text-box-563085873\" class=\"text-box banner-layer x10 md-x10 lg-x10 y50 md-y50 lg-y50 res-text\">\n                                <div class=\"text-box-content text dark\">\n              \n              <div class=\"text-inner text-center\">\n                  \n\n\t<div id=\"text-2702380000\" class=\"text\">\n\t\t\n\n<h3 class=\"uppercase\">Empower your business with RBG Immigration<\/h3>\n<p>\u00a0Your trusted partner for seamless employer services in New Zealand<\/p>\n\t\t\n<style>\n#text-2702380000 {\n  font-size: 1.3rem;\n  line-height: 1.55;\n  text-align: left;\n}\n<\/style>\n\t<\/div>\n\t\n<a class=\"button white is-outline\"  >\n    <span>Book for a consultation<\/span>\n  <\/a>\n\n\n\n              <\/div>\n           <\/div>\n                            \n<style>\n#text-box-563085873 {\n  width: 60%;\n}\n#text-box-563085873 .text-box-content {\n  font-size: 100%;\n}\n@media (min-width:550px) {\n  #text-box-563085873 {\n    width: 40%;\n  }\n}\n<\/style>\n    <\/div>\n \n\n        <\/div>\n      <\/div>\n\n            \n<style>\n#banner-1312369500 {\n  padding-top: 500px;\n}\n#banner-1312369500 .bg.bg-loaded {\n  background-image: url(https:\/\/rbgeducation.org\/wp-content\/uploads\/2023\/02\/Get-the-legal-help-and-advice-you-need-with-RBG-Immigration-1-1200x675.png);\n}\n#banner-1312369500 .overlay {\n  background-color: rgba(0, 0, 0, 0.31);\n}\n#banner-1312369500 .ux-shape-divider--top svg {\n  height: 150px;\n  --divider-top-width: 100%;\n}\n#banner-1312369500 .ux-shape-divider--bottom svg {\n  height: 150px;\n  --divider-width: 100%;\n}\n<\/style>\n  <\/div>\n\n\n\n     <\/div>\n\n     <div class=\"loading-spin dark large centered\"><\/div>\n\n     \t<\/div>\n\n\n<div class=\"container section-title-container\" ><h3 class=\"section-title section-title-normal\"><b><\/b><span class=\"section-title-main\" >Trust RBG Immigration for Exceptional Immigration Services in New Zealand<\/span><b><\/b><\/h3><\/div>\n\n<h3>Experience the distinctive approach of RBG Immigration<\/h3>\n<p>RBG Immigration is a leading immigration consultancy firm that has delivered outstanding results in helping thousands of employers and employees secure their working rights and residency in New Zealand. Our team of experienced immigration advisors is committed to providing exceptional services to our clients, ensuring that they can navigate the complex immigration laws and regulations of New Zealand with ease.<\/p>\n<p>We understand that staying up-to-date with the ever-changing rules and regulations of New Zealand&#8217;s immigration laws can be overwhelming. Therefore, having an expert on your team who can manage this complexity is crucial. Failure to comply with these laws can lead to hefty penalties and frustrate your international recruitment plans. That&#8217;s why we recommend you enlist the services of a licensed immigration adviser as part of your international recruitment efforts, whether your staff is already in New Zealand or preparing to arrive.<\/p>\n<p>At RBG Immigration, we work with you to ensure that your immigration needs are met with professionalism, efficiency, and cost-effectiveness. Our team is dedicated to providing tailored solutions to your specific needs, ensuring that you achieve your immigration goals without any unnecessary stress or hassle.<\/p>\n<p>In conclusion, when it comes to securing your working rights and residency in New Zealand, results speak much louder than words. Trust RBG Immigration to provide you with exceptional immigration services that will ensure your success in this highly competitive market.<\/p>\n<div class=\"row\"  id=\"row-1885746128\">\n\n\n\t<div id=\"col-1374369579\" class=\"col medium-6 small-12 large-6\"  >\n\t\t\t\t<div class=\"col-inner\"  >\n\t\t\t\n\t\t\t\n\n\t<div class=\"img has-hover x md-x lg-x y md-y lg-y\" id=\"image_879450138\">\n\t\t\t\t\t\t\t\t<div class=\"img-inner image-cover dark\" style=\"padding-top:500px;\">\n\t\t\t<img loading=\"lazy\" decoding=\"async\" width=\"418\" height=\"627\" src=\"https:\/\/rbgeducation.org\/wp-content\/uploads\/2023\/02\/pexels-tima-miroshnichenko-5439152.jpg\" class=\"attachment-original size-original\" alt=\"Overseas Recruitment Interview process\" srcset=\"https:\/\/rbgeducation.org\/wp-content\/uploads\/2023\/02\/pexels-tima-miroshnichenko-5439152.jpg 418w, https:\/\/rbgeducation.org\/wp-content\/uploads\/2023\/02\/pexels-tima-miroshnichenko-5439152-8x12.jpg 8w\" sizes=\"auto, (max-width: 418px) 100vw, 418px\" \/>\t\t\t\t\t\t\n\t\t\t\t\t<\/div>\n\t\t\t\t\t\t\t\t\n<style>\n#image_879450138 {\n  width: 100%;\n}\n<\/style>\n\t<\/div>\n\t\n\n\n\t\t<\/div>\n\t\t\t\t\t<\/div>\n\n\t\n\n\t<div id=\"col-731931688\" class=\"col medium-6 small-12 large-6\"  >\n\t\t\t\t<div class=\"col-inner\"  >\n\t\t\t\n\t\t\t\n\n<h3>Overseas Recruitment with RBG Immigration<\/h3>\n<p>Recruiting from overseas can be a complex and overwhelming process. At RBG Immigration, we understand the challenges that come with it, and we&#8217;re here to help. Our experienced immigration advisors can guide you through the entire process of employing migrants and the visa options available to bring them to New Zealand. We also provide valuable insights on how to help your new employees settle when they arrive.<\/p>\n<p>We take pride in assisting you in understanding your responsibilities for recruiting from overseas and making the complete process as smooth as possible. With RBG Immigration by your side, you can ensure that you are complying with all immigration laws and regulations while finding the best talent for your business. Contact us today to learn more about how we can help you with recruiting from overseas.<\/p>\n\n\t\t<\/div>\n\t\t\t\t\t<\/div>\n\n\t\n\n\n<style>\n#row-1885746128 > .col > .col-inner {\n  padding: 30px 0px 0px 0px;\n}\n<\/style>\n<\/div>","protected":false},"excerpt":{"rendered":"<p>Name\/Company Name We&#8217;re dedicated to giving you the very best in topic\/product, topic\/product, and topic\/product. Please reach out if you want to know more! News Experience the distinctive approach of RBG Immigration RBG Immigration is a leading immigration consultancy firm that has delivered outstanding results in helping thousands of employers and employees secure their working<\/p>\n","protected":false},"author":14,"featured_media":0,"parent":0,"menu_order":0,"comment_status":"closed","ping_status":"closed","template":"","meta":{"nf_dc_page":"home","footnotes":""},"class_list":["post-2806","page","type-page","status-publish","hentry"],"yoast_head":"<!-- This site is optimized with the Yoast SEO Premium plugin v19.3 (Yoast SEO v27.5) - https:\/\/yoast.com\/product\/yoast-seo-premium-wordpress\/ -->\n<title>Home<\/title>\n<meta name=\"robots\" content=\"index, follow, max-snippet:-1, max-image-preview:large, max-video-preview:-1\" \/>\n<link rel=\"canonical\" href=\"https:\/\/rbgeducation.org\/newzealand\/\" \/>\n<meta property=\"og:locale\" content=\"en_US\" \/>\n<meta property=\"og:type\" content=\"article\" \/>\n<meta property=\"og:title\" content=\"Home\" \/>\n<meta property=\"og:description\" content=\"Name\/Company Name We&#8217;re dedicated to giving you the very best in topic\/product, topic\/product, and topic\/product. Please reach out if you want to know more! News Experience the distinctive approach of RBG Immigration RBG Immigration is a leading immigration consultancy firm that has delivered outstanding results in helping thousands of employers and employees secure their working\" \/>\n<meta property=\"og:url\" content=\"https:\/\/rbgeducation.org\/newzealand\/\" \/>\n<meta property=\"og:site_name\" content=\"RBG Education and Immigration New Zealand\" \/>\n<meta property=\"article:publisher\" content=\"https:\/\/www.facebook.com\/rbgeducation.org\/\" \/>\n<meta property=\"article:modified_time\" content=\"2023-02-23T01:42:14+00:00\" \/>\n<meta name=\"twitter:card\" content=\"summary_large_image\" \/>\n<meta name=\"twitter:label1\" content=\"Est. reading time\" \/>\n\t<meta name=\"twitter:data1\" content=\"3 minutes\" \/>\n<script type=\"application\/ld+json\" class=\"yoast-schema-graph\">{\"@context\":\"https:\\\/\\\/schema.org\",\"@graph\":[{\"@type\":\"WebPage\",\"@id\":\"https:\\\/\\\/rbgeducation.org\\\/newzealand\\\/\",\"url\":\"https:\\\/\\\/rbgeducation.org\\\/newzealand\\\/\",\"name\":\"Home\",\"isPartOf\":{\"@id\":\"https:\\\/\\\/rbgeducation.org\\\/newzealand\\\/#website\"},\"datePublished\":\"2023-02-23T00:27:20+00:00\",\"dateModified\":\"2023-02-23T01:42:14+00:00\",\"breadcrumb\":{\"@id\":\"https:\\\/\\\/rbgeducation.org\\\/newzealand\\\/#breadcrumb\"},\"inLanguage\":\"en-NZ\",\"potentialAction\":[{\"@type\":\"ReadAction\",\"target\":[\"https:\\\/\\\/rbgeducation.org\\\/newzealand\\\/\"]}]},{\"@type\":\"BreadcrumbList\",\"@id\":\"https:\\\/\\\/rbgeducation.org\\\/newzealand\\\/#breadcrumb\",\"itemListElement\":[{\"@type\":\"ListItem\",\"position\":1,\"name\":\"Trang ch\u1ee7\",\"item\":\"https:\\\/\\\/rbgeducation.org\\\/newzealand\\\/\"},{\"@type\":\"ListItem\",\"position\":2,\"name\":\"Home\"}]},{\"@type\":\"WebSite\",\"@id\":\"https:\\\/\\\/rbgeducation.org\\\/newzealand\\\/#website\",\"url\":\"https:\\\/\\\/rbgeducation.org\\\/newzealand\\\/\",\"name\":\"RBG Education and Immigration New Zealand\",\"description\":\"RBG Education and Immigration New Zealand - Expert Consulting Services for Successful Immigration\",\"publisher\":{\"@id\":\"https:\\\/\\\/rbgeducation.org\\\/newzealand\\\/#organization\"},\"potentialAction\":[{\"@type\":\"SearchAction\",\"target\":{\"@type\":\"EntryPoint\",\"urlTemplate\":\"https:\\\/\\\/rbgeducation.org\\\/newzealand\\\/?s={search_term_string}\"},\"query-input\":{\"@type\":\"PropertyValueSpecification\",\"valueRequired\":true,\"valueName\":\"search_term_string\"}}],\"inLanguage\":\"en-NZ\"},{\"@type\":[\"Organization\",\"Place\"],\"@id\":\"https:\\\/\\\/rbgeducation.org\\\/newzealand\\\/#organization\",\"name\":\"RBG Education and Immigration Specialist Ltd\",\"url\":\"https:\\\/\\\/rbgeducation.org\\\/newzealand\\\/\",\"logo\":{\"@id\":\"https:\\\/\\\/rbgeducation.org\\\/newzealand\\\/#local-main-organization-logo\"},\"image\":{\"@id\":\"https:\\\/\\\/rbgeducation.org\\\/newzealand\\\/#local-main-organization-logo\"},\"sameAs\":[\"https:\\\/\\\/www.facebook.com\\\/rbgeducation.org\\\/\"],\"address\":{\"@id\":\"https:\\\/\\\/rbgeducation.org\\\/newzealand\\\/#local-main-place-address\"},\"geo\":{\"@type\":\"GeoCoordinates\",\"latitude\":\"-37.067242\",\"longitude\":\"174.941147\"},\"telephone\":[\"(+64) 22 600 9003\"],\"openingHoursSpecification\":[{\"@type\":\"OpeningHoursSpecification\",\"dayOfWeek\":[\"Monday\",\"Tuesday\",\"Wednesday\",\"Thursday\",\"Friday\",\"Saturday\",\"Sunday\"],\"opens\":\"08:00\",\"closes\":\"18:00\"}],\"email\":\"ruby@rbgeducation.org\",\"areaServed\":\"New Zealand\"},{\"@type\":\"PostalAddress\",\"@id\":\"https:\\\/\\\/rbgeducation.org\\\/newzealand\\\/#local-main-place-address\",\"streetAddress\":\"14 Duke Street\",\"addressLocality\":\"Papakura\",\"postalCode\":\"2110\",\"addressRegion\":\"Auckland\",\"addressCountry\":\"NZ\"},{\"@type\":\"ImageObject\",\"inLanguage\":\"en-NZ\",\"@id\":\"https:\\\/\\\/rbgeducation.org\\\/newzealand\\\/#local-main-organization-logo\",\"url\":\"https:\\\/\\\/rbgeducation.org\\\/wp-content\\\/uploads\\\/2022\\\/05\\\/z3425032420230_d80271a3ac48f21a595497677159cee0-removebg-preview.png\",\"contentUrl\":\"https:\\\/\\\/rbgeducation.org\\\/wp-content\\\/uploads\\\/2022\\\/05\\\/z3425032420230_d80271a3ac48f21a595497677159cee0-removebg-preview.png\",\"width\":834,\"height\":299,\"caption\":\"RBG Education and Immigration Specialist Ltd\"}]}<\/script>\n<meta name=\"geo.placename\" content=\"Papakura\" \/>\n<meta name=\"geo.position\" content=\"-37.067242;174.941147\" \/>\n<meta name=\"geo.region\" content=\"New Zealand\" \/>\n<!-- \/ Yoast SEO Premium plugin. -->","yoast_head_json":{"title":"Home","robots":{"index":"index","follow":"follow","max-snippet":"max-snippet:-1","max-image-preview":"max-image-preview:large","max-video-preview":"max-video-preview:-1"},"canonical":"https:\/\/rbgeducation.org\/newzealand\/","og_locale":"en_US","og_type":"article","og_title":"Home","og_description":"Name\/Company Name We&#8217;re dedicated to giving you the very best in topic\/product, topic\/product, and topic\/product. Please reach out if you want to know more! News Experience the distinctive approach of RBG Immigration RBG Immigration is a leading immigration consultancy firm that has delivered outstanding results in helping thousands of employers and employees secure their working","og_url":"https:\/\/rbgeducation.org\/newzealand\/","og_site_name":"RBG Education and Immigration New Zealand","article_publisher":"https:\/\/www.facebook.com\/rbgeducation.org\/","article_modified_time":"2023-02-23T01:42:14+00:00","twitter_card":"summary_large_image","twitter_misc":{"Est. reading time":"3 minutes"},"schema":{"@context":"https:\/\/schema.org","@graph":[{"@type":"WebPage","@id":"https:\/\/rbgeducation.org\/newzealand\/","url":"https:\/\/rbgeducation.org\/newzealand\/","name":"Home","isPartOf":{"@id":"https:\/\/rbgeducation.org\/newzealand\/#website"},"datePublished":"2023-02-23T00:27:20+00:00","dateModified":"2023-02-23T01:42:14+00:00","breadcrumb":{"@id":"https:\/\/rbgeducation.org\/newzealand\/#breadcrumb"},"inLanguage":"en-NZ","potentialAction":[{"@type":"ReadAction","target":["https:\/\/rbgeducation.org\/newzealand\/"]}]},{"@type":"BreadcrumbList","@id":"https:\/\/rbgeducation.org\/newzealand\/#breadcrumb","itemListElement":[{"@type":"ListItem","position":1,"name":"Trang ch\u1ee7","item":"https:\/\/rbgeducation.org\/newzealand\/"},{"@type":"ListItem","position":2,"name":"Home"}]},{"@type":"WebSite","@id":"https:\/\/rbgeducation.org\/newzealand\/#website","url":"https:\/\/rbgeducation.org\/newzealand\/","name":"RBG Education and Immigration New Zealand","description":"RBG Education and Immigration New Zealand - Expert Consulting Services for Successful Immigration","publisher":{"@id":"https:\/\/rbgeducation.org\/newzealand\/#organization"},"potentialAction":[{"@type":"SearchAction","target":{"@type":"EntryPoint","urlTemplate":"https:\/\/rbgeducation.org\/newzealand\/?s={search_term_string}"},"query-input":{"@type":"PropertyValueSpecification","valueRequired":true,"valueName":"search_term_string"}}],"inLanguage":"en-NZ"},{"@type":["Organization","Place"],"@id":"https:\/\/rbgeducation.org\/newzealand\/#organization","name":"RBG Education and Immigration Specialist Ltd","url":"https:\/\/rbgeducation.org\/newzealand\/","logo":{"@id":"https:\/\/rbgeducation.org\/newzealand\/#local-main-organization-logo"},"image":{"@id":"https:\/\/rbgeducation.org\/newzealand\/#local-main-organization-logo"},"sameAs":["https:\/\/www.facebook.com\/rbgeducation.org\/"],"address":{"@id":"https:\/\/rbgeducation.org\/newzealand\/#local-main-place-address"},"geo":{"@type":"GeoCoordinates","latitude":"-37.067242","longitude":"174.941147"},"telephone":["(+64) 22 600 9003"],"openingHoursSpecification":[{"@type":"OpeningHoursSpecification","dayOfWeek":["Monday","Tuesday","Wednesday","Thursday","Friday","Saturday","Sunday"],"opens":"08:00","closes":"18:00"}],"email":"ruby@rbgeducation.org","areaServed":"New Zealand"},{"@type":"PostalAddress","@id":"https:\/\/rbgeducation.org\/newzealand\/#local-main-place-address","streetAddress":"14 Duke Street","addressLocality":"Papakura","postalCode":"2110","addressRegion":"Auckland","addressCountry":"NZ"},{"@type":"ImageObject","inLanguage":"en-NZ","@id":"https:\/\/rbgeducation.org\/newzealand\/#local-main-organization-logo","url":"https:\/\/rbgeducation.org\/wp-content\/uploads\/2022\/05\/z3425032420230_d80271a3ac48f21a595497677159cee0-removebg-preview.png","contentUrl":"https:\/\/rbgeducation.org\/wp-content\/uploads\/2022\/05\/z3425032420230_d80271a3ac48f21a595497677159cee0-removebg-preview.png","width":834,"height":299,"caption":"RBG Education and Immigration Specialist Ltd"}]},"geo.placename":"Papakura","geo.position":{"lat":"-37.067242","long":"174.941147"},"geo.region":"New Zealand"},"_links":{"self":[{"href":"https:\/\/rbgeducation.org\/newzealand\/wp-json\/wp\/v2\/pages\/2806","targetHints":{"allow":["GET"]}}],"collection":[{"href":"https:\/\/rbgeducation.org\/newzealand\/wp-json\/wp\/v2\/pages"}],"about":[{"href":"https:\/\/rbgeducation.org\/newzealand\/wp-json\/wp\/v2\/types\/page"}],"author":[{"embeddable":true,"href":"https:\/\/rbgeducation.org\/newzealand\/wp-json\/wp\/v2\/users\/14"}],"replies":[{"embeddable":true,"href":"https:\/\/rbgeducation.org\/newzealand\/wp-json\/wp\/v2\/comments?post=2806"}],"version-history":[{"count":4,"href":"https:\/\/rbgeducation.org\/newzealand\/wp-json\/wp\/v2\/pages\/2806\/revisions"}],"predecessor-version":[{"id":2821,"href":"https:\/\/rbgeducation.org\/newzealand\/wp-json\/wp\/v2\/pages\/2806\/revisions\/2821"}],"wp:attachment":[{"href":"https:\/\/rbgeducation.org\/newzealand\/wp-json\/wp\/v2\/media?parent=2806"}],"curies":[{"name":"wp","href":"https:\/\/api.w.org\/{rel}","templated":true}]}}