{"id":134,"date":"2019-07-29T09:09:28","date_gmt":"2019-07-29T02:09:28","guid":{"rendered":"https:\/\/rbgeducation.org\/?page_id=134"},"modified":"2023-02-16T06:56:31","modified_gmt":"2023-02-16T04:26:31","slug":"contact","status":"publish","type":"page","link":"https:\/\/rbgeducation.org\/newzealand\/contact\/","title":{"rendered":"Contact"},"content":{"rendered":"<div class=\"row row-small align-equal row-box-shadow-1\"  id=\"row-94337998\">\n\n\t<div id=\"col-1815144672\" class=\"col medium-6 small-12 large-6\"  >\n\t\t\t\t<div class=\"col-inner\"  >\n\t\t\t\n\t\t\t\n<p>Please feel free to contact us for free consultation:<\/p>\n<p><a style=\"color: red;\" href=\"\/\"><i class=\"fas fa-building\"><\/i> RBG Education and Immigration<\/a><\/p>\n<p><a href=\"tel:64226009003\"><i class=\"fas fa-phone-alt\"><\/i> Phone (+64) 22 600 9003<\/a><\/p>\n<p><a href=\"https:\/\/goo.gl\/maps\/JSJQLoEPPoPMATN79\">Office: 14 Lucca Crescent Auckland 2019<\/a><\/p>\n<p><a href=\"https:\/\/www.facebook.com\/rbgeducation.org\/\"><i class=\"fab fa-facebook-f\"><\/i> Facebook: RBG Education &#8211; \u0110\u1ecbnh c\u01b0 Du h\u1ecdc H\u01b0\u1edbng nghi\u1ec7p t\u1ea1i New Zealand<\/a><\/p>\n<p><a href=\"mailto:ruby@rbgeducation.org\"><i class=\"fas fa-envelope\"><\/i> Mail: ruby@rbgeducation.org<\/a><\/p>\n\t\t<\/div>\n\t\t\t\t\n<style>\n#col-1815144672 > .col-inner {\n  padding: 10px 10px 10px 10px;\n}\n<\/style>\n\t<\/div>\n\n\t\n\n\t<div id=\"col-107808644\" class=\"col medium-6 small-12 large-6\"  >\n\t\t\t\t<div class=\"col-inner\"  >\n\t\t\t\n\t\t\t\n<p>Book a consultation with RBG&#8217;s experienced consultants here:<\/p>\n\n<div class=\"wpcf7 no-js\" id=\"wpcf7-f10-o1\" lang=\"vi\" dir=\"ltr\" data-wpcf7-id=\"10\">\n<div class=\"screen-reader-response\"><p role=\"status\" aria-live=\"polite\" aria-atomic=\"true\"><\/p> <ul><\/ul><\/div>\n<form action=\"\/newzealand\/wp-json\/wp\/v2\/pages\/134#wpcf7-f10-o1\" method=\"post\" class=\"wpcf7-form init\" aria-label=\"Form li\u00ean h\u1ec7\" novalidate=\"novalidate\" data-status=\"init\">\n<fieldset class=\"hidden-fields-container\"><input type=\"hidden\" name=\"_wpcf7\" value=\"10\" \/><input type=\"hidden\" name=\"_wpcf7_version\" value=\"6.1.5\" \/><input type=\"hidden\" name=\"_wpcf7_locale\" value=\"vi\" \/><input type=\"hidden\" name=\"_wpcf7_unit_tag\" value=\"wpcf7-f10-o1\" \/><input type=\"hidden\" name=\"_wpcf7_container_post\" value=\"0\" \/><input type=\"hidden\" name=\"_wpcf7_posted_data_hash\" value=\"\" \/>\n<\/fieldset>\n<p><span class=\"wpcf7-form-control-wrap\" data-name=\"your-name\"><input size=\"40\" maxlength=\"400\" class=\"wpcf7-form-control wpcf7-text wpcf7-validates-as-required\" aria-required=\"true\" aria-invalid=\"false\" placeholder=\"Your fullname\" value=\"\" type=\"text\" name=\"your-name\" \/><\/span>\n<\/p>\n<p><span class=\"wpcf7-form-control-wrap\" data-name=\"your-phone\"><input size=\"40\" maxlength=\"400\" class=\"wpcf7-form-control wpcf7-tel wpcf7-validates-as-required wpcf7-text wpcf7-validates-as-tel\" aria-required=\"true\" aria-invalid=\"false\" placeholder=\"Phone number\" value=\"\" type=\"tel\" name=\"your-phone\" \/><\/span>\n<\/p>\n<p><span class=\"wpcf7-form-control-wrap\" data-name=\"your-message\"><textarea cols=\"40\" rows=\"10\" maxlength=\"2000\" class=\"wpcf7-form-control wpcf7-textarea\" aria-invalid=\"false\" placeholder=\"Your inquiries\" name=\"your-message\"><\/textarea><\/span>\n<\/p>\n<p><input class=\"wpcf7-form-control wpcf7-submit has-spinner\" type=\"submit\" value=\"Send now\" \/>\n<\/p><p style=\"display: none !important;\" class=\"akismet-fields-container\" data-prefix=\"_wpcf7_ak_\"><label>&#916;<textarea name=\"_wpcf7_ak_hp_textarea\" cols=\"45\" rows=\"8\" maxlength=\"100\"><\/textarea><\/label><input type=\"hidden\" id=\"ak_js_1\" name=\"_wpcf7_ak_js\" value=\"231\"\/><script type=\"text\/javascript\">\n\/* <![CDATA[ *\/\ndocument.getElementById( \"ak_js_1\" ).setAttribute( \"value\", ( new Date() ).getTime() );\n\/* ]]> *\/\n<\/script>\n<\/p><div class=\"wpcf7-response-output\" aria-hidden=\"true\"><\/div>\n<\/form>\n<\/div>\n\n\t\t<\/div>\n\t\t\t\t\n<style>\n#col-107808644 > .col-inner {\n  padding: 10px 10px 10px 10px;\n}\n<\/style>\n\t<\/div>\n\n\t\n<\/div>\n","protected":false},"excerpt":{"rendered":"","protected":false},"author":12,"featured_media":2585,"parent":0,"menu_order":0,"comment_status":"closed","ping_status":"closed","template":"page-right-sidebar.php","meta":{"nf_dc_page":"","footnotes":""},"class_list":["post-134","page","type-page","status-publish","has-post-thumbnail","hentry"],"yoast_head":"<!-- This site is optimized with the Yoast SEO Premium plugin v19.3 (Yoast SEO v27.5) - https:\/\/yoast.com\/product\/yoast-seo-premium-wordpress\/ -->\n<title>Li\u00ean H\u1ec7 V\u1edbi RBG<\/title>\n<meta name=\"description\" content=\"Qu\u00fd kh\u00e1ch c\u00f3 nhu c\u1ea7u c\u1ea7n \u0111\u01b0\u1ee3c t\u01b0 v\u1ea5n, vui l\u00f2ng li\u00ean h\u1ec7 v\u1edbi ch\u00fang t\u00f4i. \u0110\u1ecba ch\u1ec9: 14 Duke Ave Auckland 2120. Phone (+64) 22 600 9003\" \/>\n<meta name=\"robots\" content=\"index, follow, max-snippet:-1, max-image-preview:large, max-video-preview:-1\" \/>\n<link rel=\"canonical\" href=\"https:\/\/rbgeducation.org\/newzealand\/contact\/\" \/>\n<meta property=\"og:locale\" content=\"en_US\" \/>\n<meta property=\"og:type\" content=\"article\" \/>\n<meta property=\"og:title\" content=\"Contact\" \/>\n<meta property=\"og:description\" content=\"Qu\u00fd kh\u00e1ch c\u00f3 nhu c\u1ea7u c\u1ea7n \u0111\u01b0\u1ee3c t\u01b0 v\u1ea5n, vui l\u00f2ng li\u00ean h\u1ec7 v\u1edbi ch\u00fang t\u00f4i. \u0110\u1ecba ch\u1ec9: 14 Duke Ave Auckland 2120. Phone (+64) 22 600 9003\" \/>\n<meta property=\"og:url\" content=\"https:\/\/rbgeducation.org\/newzealand\/contact\/\" \/>\n<meta property=\"og:site_name\" content=\"RBG Education and Immigration New Zealand\" \/>\n<meta property=\"article:publisher\" content=\"https:\/\/www.facebook.com\/rbgeducation.org\/\" \/>\n<meta property=\"article:modified_time\" content=\"2023-02-16T04:26:31+00:00\" \/>\n<meta property=\"og:image\" content=\"https:\/\/rbgeducation.org\/wp-content\/uploads\/2022\/05\/acg-slide.jpg\" \/>\n\t<meta property=\"og:image:width\" content=\"1007\" \/>\n\t<meta property=\"og:image:height\" content=\"710\" \/>\n\t<meta property=\"og:image:type\" content=\"image\/jpeg\" \/>\n<meta name=\"twitter:card\" content=\"summary_large_image\" \/>\n<meta name=\"twitter:label1\" content=\"Est. reading time\" \/>\n\t<meta name=\"twitter:data1\" content=\"1 minute\" \/>\n<script type=\"application\/ld+json\" class=\"yoast-schema-graph\">{\"@context\":\"https:\\\/\\\/schema.org\",\"@graph\":[{\"@type\":\"WebPage\",\"@id\":\"https:\\\/\\\/rbgeducation.org\\\/newzealand\\\/contact\\\/\",\"url\":\"https:\\\/\\\/rbgeducation.org\\\/newzealand\\\/contact\\\/\",\"name\":\"Li\u00ean H\u1ec7 V\u1edbi RBG\",\"isPartOf\":{\"@id\":\"https:\\\/\\\/rbgeducation.org\\\/newzealand\\\/#website\"},\"primaryImageOfPage\":{\"@id\":\"https:\\\/\\\/rbgeducation.org\\\/newzealand\\\/contact\\\/#primaryimage\"},\"image\":{\"@id\":\"https:\\\/\\\/rbgeducation.org\\\/newzealand\\\/contact\\\/#primaryimage\"},\"thumbnailUrl\":\"https:\\\/\\\/rbgeducation.org\\\/wp-content\\\/uploads\\\/2022\\\/05\\\/acg-slide.jpg\",\"datePublished\":\"2019-07-29T02:09:28+00:00\",\"dateModified\":\"2023-02-16T04:26:31+00:00\",\"description\":\"Qu\u00fd kh\u00e1ch c\u00f3 nhu c\u1ea7u c\u1ea7n \u0111\u01b0\u1ee3c t\u01b0 v\u1ea5n, vui l\u00f2ng li\u00ean h\u1ec7 v\u1edbi ch\u00fang t\u00f4i. \u0110\u1ecba ch\u1ec9: 14 Duke Ave Auckland 2120. Phone (+64) 22 600 9003\",\"breadcrumb\":{\"@id\":\"https:\\\/\\\/rbgeducation.org\\\/newzealand\\\/contact\\\/#breadcrumb\"},\"inLanguage\":\"en-NZ\",\"potentialAction\":[{\"@type\":\"ReadAction\",\"target\":[\"https:\\\/\\\/rbgeducation.org\\\/newzealand\\\/contact\\\/\"]}]},{\"@type\":\"ImageObject\",\"inLanguage\":\"en-NZ\",\"@id\":\"https:\\\/\\\/rbgeducation.org\\\/newzealand\\\/contact\\\/#primaryimage\",\"url\":\"https:\\\/\\\/rbgeducation.org\\\/wp-content\\\/uploads\\\/2022\\\/05\\\/acg-slide.jpg\",\"contentUrl\":\"https:\\\/\\\/rbgeducation.org\\\/wp-content\\\/uploads\\\/2022\\\/05\\\/acg-slide.jpg\",\"width\":1007,\"height\":710},{\"@type\":\"BreadcrumbList\",\"@id\":\"https:\\\/\\\/rbgeducation.org\\\/newzealand\\\/contact\\\/#breadcrumb\",\"itemListElement\":[{\"@type\":\"ListItem\",\"position\":1,\"name\":\"Trang ch\u1ee7\",\"item\":\"https:\\\/\\\/rbgeducation.org\\\/newzealand\\\/\"},{\"@type\":\"ListItem\",\"position\":2,\"name\":\"Contact\"}]},{\"@type\":\"WebSite\",\"@id\":\"https:\\\/\\\/rbgeducation.org\\\/newzealand\\\/#website\",\"url\":\"https:\\\/\\\/rbgeducation.org\\\/newzealand\\\/\",\"name\":\"RBG Education and Immigration New Zealand\",\"description\":\"RBG Education and Immigration New Zealand - Expert Consulting Services for Successful Immigration\",\"publisher\":{\"@id\":\"https:\\\/\\\/rbgeducation.org\\\/newzealand\\\/#organization\"},\"potentialAction\":[{\"@type\":\"SearchAction\",\"target\":{\"@type\":\"EntryPoint\",\"urlTemplate\":\"https:\\\/\\\/rbgeducation.org\\\/newzealand\\\/?s={search_term_string}\"},\"query-input\":{\"@type\":\"PropertyValueSpecification\",\"valueRequired\":true,\"valueName\":\"search_term_string\"}}],\"inLanguage\":\"en-NZ\"},{\"@type\":[\"Organization\",\"Place\"],\"@id\":\"https:\\\/\\\/rbgeducation.org\\\/newzealand\\\/#organization\",\"name\":\"RBG Education and Immigration Specialist Ltd\",\"url\":\"https:\\\/\\\/rbgeducation.org\\\/newzealand\\\/\",\"logo\":{\"@id\":\"https:\\\/\\\/rbgeducation.org\\\/newzealand\\\/contact\\\/#local-main-organization-logo\"},\"image\":{\"@id\":\"https:\\\/\\\/rbgeducation.org\\\/newzealand\\\/contact\\\/#local-main-organization-logo\"},\"sameAs\":[\"https:\\\/\\\/www.facebook.com\\\/rbgeducation.org\\\/\"],\"address\":{\"@id\":\"https:\\\/\\\/rbgeducation.org\\\/newzealand\\\/contact\\\/#local-main-place-address\"},\"geo\":{\"@type\":\"GeoCoordinates\",\"latitude\":\"-37.067242\",\"longitude\":\"174.941147\"},\"telephone\":[\"(+64) 22 600 9003\"],\"openingHoursSpecification\":[{\"@type\":\"OpeningHoursSpecification\",\"dayOfWeek\":[\"Monday\",\"Tuesday\",\"Wednesday\",\"Thursday\",\"Friday\",\"Saturday\",\"Sunday\"],\"opens\":\"08:00\",\"closes\":\"18:00\"}],\"email\":\"ruby@rbgeducation.org\",\"areaServed\":\"New Zealand\"},{\"@type\":\"PostalAddress\",\"@id\":\"https:\\\/\\\/rbgeducation.org\\\/newzealand\\\/contact\\\/#local-main-place-address\",\"streetAddress\":\"14 Duke Street\",\"addressLocality\":\"Papakura\",\"postalCode\":\"2110\",\"addressRegion\":\"Auckland\",\"addressCountry\":\"NZ\"},{\"@type\":\"ImageObject\",\"inLanguage\":\"en-NZ\",\"@id\":\"https:\\\/\\\/rbgeducation.org\\\/newzealand\\\/contact\\\/#local-main-organization-logo\",\"url\":\"https:\\\/\\\/rbgeducation.org\\\/wp-content\\\/uploads\\\/2022\\\/05\\\/z3425032420230_d80271a3ac48f21a595497677159cee0-removebg-preview.png\",\"contentUrl\":\"https:\\\/\\\/rbgeducation.org\\\/wp-content\\\/uploads\\\/2022\\\/05\\\/z3425032420230_d80271a3ac48f21a595497677159cee0-removebg-preview.png\",\"width\":834,\"height\":299,\"caption\":\"RBG Education and Immigration Specialist Ltd\"}]}<\/script>\n<meta name=\"geo.placename\" content=\"Papakura\" \/>\n<meta name=\"geo.position\" content=\"-37.067242;174.941147\" \/>\n<meta name=\"geo.region\" content=\"New Zealand\" \/>\n<!-- \/ Yoast SEO Premium plugin. -->","yoast_head_json":{"title":"Li\u00ean H\u1ec7 V\u1edbi RBG","description":"Qu\u00fd kh\u00e1ch c\u00f3 nhu c\u1ea7u c\u1ea7n \u0111\u01b0\u1ee3c t\u01b0 v\u1ea5n, vui l\u00f2ng li\u00ean h\u1ec7 v\u1edbi ch\u00fang t\u00f4i. \u0110\u1ecba ch\u1ec9: 14 Duke Ave Auckland 2120. Phone (+64) 22 600 9003","robots":{"index":"index","follow":"follow","max-snippet":"max-snippet:-1","max-image-preview":"max-image-preview:large","max-video-preview":"max-video-preview:-1"},"canonical":"https:\/\/rbgeducation.org\/newzealand\/contact\/","og_locale":"en_US","og_type":"article","og_title":"Contact","og_description":"Qu\u00fd kh\u00e1ch c\u00f3 nhu c\u1ea7u c\u1ea7n \u0111\u01b0\u1ee3c t\u01b0 v\u1ea5n, vui l\u00f2ng li\u00ean h\u1ec7 v\u1edbi ch\u00fang t\u00f4i. \u0110\u1ecba ch\u1ec9: 14 Duke Ave Auckland 2120. Phone (+64) 22 600 9003","og_url":"https:\/\/rbgeducation.org\/newzealand\/contact\/","og_site_name":"RBG Education and Immigration New Zealand","article_publisher":"https:\/\/www.facebook.com\/rbgeducation.org\/","article_modified_time":"2023-02-16T04:26:31+00:00","og_image":[{"width":1007,"height":710,"url":"https:\/\/rbgeducation.org\/wp-content\/uploads\/2022\/05\/acg-slide.jpg","type":"image\/jpeg"}],"twitter_card":"summary_large_image","twitter_misc":{"Est. reading time":"1 minute"},"schema":{"@context":"https:\/\/schema.org","@graph":[{"@type":"WebPage","@id":"https:\/\/rbgeducation.org\/newzealand\/contact\/","url":"https:\/\/rbgeducation.org\/newzealand\/contact\/","name":"Li\u00ean H\u1ec7 V\u1edbi RBG","isPartOf":{"@id":"https:\/\/rbgeducation.org\/newzealand\/#website"},"primaryImageOfPage":{"@id":"https:\/\/rbgeducation.org\/newzealand\/contact\/#primaryimage"},"image":{"@id":"https:\/\/rbgeducation.org\/newzealand\/contact\/#primaryimage"},"thumbnailUrl":"https:\/\/rbgeducation.org\/wp-content\/uploads\/2022\/05\/acg-slide.jpg","datePublished":"2019-07-29T02:09:28+00:00","dateModified":"2023-02-16T04:26:31+00:00","description":"Qu\u00fd kh\u00e1ch c\u00f3 nhu c\u1ea7u c\u1ea7n \u0111\u01b0\u1ee3c t\u01b0 v\u1ea5n, vui l\u00f2ng li\u00ean h\u1ec7 v\u1edbi ch\u00fang t\u00f4i. \u0110\u1ecba ch\u1ec9: 14 Duke Ave Auckland 2120. Phone (+64) 22 600 9003","breadcrumb":{"@id":"https:\/\/rbgeducation.org\/newzealand\/contact\/#breadcrumb"},"inLanguage":"en-NZ","potentialAction":[{"@type":"ReadAction","target":["https:\/\/rbgeducation.org\/newzealand\/contact\/"]}]},{"@type":"ImageObject","inLanguage":"en-NZ","@id":"https:\/\/rbgeducation.org\/newzealand\/contact\/#primaryimage","url":"https:\/\/rbgeducation.org\/wp-content\/uploads\/2022\/05\/acg-slide.jpg","contentUrl":"https:\/\/rbgeducation.org\/wp-content\/uploads\/2022\/05\/acg-slide.jpg","width":1007,"height":710},{"@type":"BreadcrumbList","@id":"https:\/\/rbgeducation.org\/newzealand\/contact\/#breadcrumb","itemListElement":[{"@type":"ListItem","position":1,"name":"Trang ch\u1ee7","item":"https:\/\/rbgeducation.org\/newzealand\/"},{"@type":"ListItem","position":2,"name":"Contact"}]},{"@type":"WebSite","@id":"https:\/\/rbgeducation.org\/newzealand\/#website","url":"https:\/\/rbgeducation.org\/newzealand\/","name":"RBG Education and Immigration New Zealand","description":"RBG Education and Immigration New Zealand - Expert Consulting Services for Successful Immigration","publisher":{"@id":"https:\/\/rbgeducation.org\/newzealand\/#organization"},"potentialAction":[{"@type":"SearchAction","target":{"@type":"EntryPoint","urlTemplate":"https:\/\/rbgeducation.org\/newzealand\/?s={search_term_string}"},"query-input":{"@type":"PropertyValueSpecification","valueRequired":true,"valueName":"search_term_string"}}],"inLanguage":"en-NZ"},{"@type":["Organization","Place"],"@id":"https:\/\/rbgeducation.org\/newzealand\/#organization","name":"RBG Education and Immigration Specialist Ltd","url":"https:\/\/rbgeducation.org\/newzealand\/","logo":{"@id":"https:\/\/rbgeducation.org\/newzealand\/contact\/#local-main-organization-logo"},"image":{"@id":"https:\/\/rbgeducation.org\/newzealand\/contact\/#local-main-organization-logo"},"sameAs":["https:\/\/www.facebook.com\/rbgeducation.org\/"],"address":{"@id":"https:\/\/rbgeducation.org\/newzealand\/contact\/#local-main-place-address"},"geo":{"@type":"GeoCoordinates","latitude":"-37.067242","longitude":"174.941147"},"telephone":["(+64) 22 600 9003"],"openingHoursSpecification":[{"@type":"OpeningHoursSpecification","dayOfWeek":["Monday","Tuesday","Wednesday","Thursday","Friday","Saturday","Sunday"],"opens":"08:00","closes":"18:00"}],"email":"ruby@rbgeducation.org","areaServed":"New Zealand"},{"@type":"PostalAddress","@id":"https:\/\/rbgeducation.org\/newzealand\/contact\/#local-main-place-address","streetAddress":"14 Duke Street","addressLocality":"Papakura","postalCode":"2110","addressRegion":"Auckland","addressCountry":"NZ"},{"@type":"ImageObject","inLanguage":"en-NZ","@id":"https:\/\/rbgeducation.org\/newzealand\/contact\/#local-main-organization-logo","url":"https:\/\/rbgeducation.org\/wp-content\/uploads\/2022\/05\/z3425032420230_d80271a3ac48f21a595497677159cee0-removebg-preview.png","contentUrl":"https:\/\/rbgeducation.org\/wp-content\/uploads\/2022\/05\/z3425032420230_d80271a3ac48f21a595497677159cee0-removebg-preview.png","width":834,"height":299,"caption":"RBG Education and Immigration Specialist Ltd"}]},"geo.placename":"Papakura","geo.position":{"lat":"-37.067242","long":"174.941147"},"geo.region":"New Zealand"},"_links":{"self":[{"href":"https:\/\/rbgeducation.org\/newzealand\/wp-json\/wp\/v2\/pages\/134","targetHints":{"allow":["GET"]}}],"collection":[{"href":"https:\/\/rbgeducation.org\/newzealand\/wp-json\/wp\/v2\/pages"}],"about":[{"href":"https:\/\/rbgeducation.org\/newzealand\/wp-json\/wp\/v2\/types\/page"}],"author":[{"embeddable":true,"href":"https:\/\/rbgeducation.org\/newzealand\/wp-json\/wp\/v2\/users\/12"}],"replies":[{"embeddable":true,"href":"https:\/\/rbgeducation.org\/newzealand\/wp-json\/wp\/v2\/comments?post=134"}],"version-history":[{"count":4,"href":"https:\/\/rbgeducation.org\/newzealand\/wp-json\/wp\/v2\/pages\/134\/revisions"}],"predecessor-version":[{"id":2803,"href":"https:\/\/rbgeducation.org\/newzealand\/wp-json\/wp\/v2\/pages\/134\/revisions\/2803"}],"wp:featuredmedia":[{"embeddable":true,"href":"https:\/\/rbgeducation.org\/newzealand\/wp-json\/wp\/v2\/media\/2585"}],"wp:attachment":[{"href":"https:\/\/rbgeducation.org\/newzealand\/wp-json\/wp\/v2\/media?parent=134"}],"curies":[{"name":"wp","href":"https:\/\/api.w.org\/{rel}","templated":true}]}}